{"id":4326,"date":"2025-09-17T05:18:35","date_gmt":"2025-09-17T05:18:35","guid":{"rendered":"https:\/\/www.gruene-drensteinfurt.de\/content\/?page_id=4326"},"modified":"2025-09-17T05:18:35","modified_gmt":"2025-09-17T05:18:35","slug":"zum-apfelfest-auf-dem-biohof-deventer","status":"publish","type":"page","link":"https:\/\/www.gruene-drensteinfurt.de\/content\/index.php\/zum-apfelfest-auf-dem-biohof-deventer\/","title":{"rendered":"Zum Apfelfest auf dem Biohof Deventer"},"content":{"rendered":"<blockquote><p><strong>Gemeinsam radeln, nachhaltig genie\u00dfen: Einladung zum Apfelfest auf dem Biohof Deventer<\/strong><\/p><\/blockquote>\n<p><img loading=\"lazy\" decoding=\"async\" class=\"size-medium wp-image-4309 alignleft\" src=\"https:\/\/www.gruene-drensteinfurt.de\/content\/wp-content\/uploads\/2025\/09\/Apfelfest-1-400x533.jpg\" alt=\"\" width=\"400\" height=\"533\" srcset=\"https:\/\/www.gruene-drensteinfurt.de\/content\/wp-content\/uploads\/2025\/09\/Apfelfest-1-400x533.jpg 400w, https:\/\/www.gruene-drensteinfurt.de\/content\/wp-content\/uploads\/2025\/09\/Apfelfest-1-800x1067.jpg 800w, https:\/\/www.gruene-drensteinfurt.de\/content\/wp-content\/uploads\/2025\/09\/Apfelfest-1-768x1024.jpg 768w, https:\/\/www.gruene-drensteinfurt.de\/content\/wp-content\/uploads\/2025\/09\/Apfelfest-1-1152x1536.jpg 1152w, https:\/\/www.gruene-drensteinfurt.de\/content\/wp-content\/uploads\/2025\/09\/Apfelfest-1-113x150.jpg 113w, https:\/\/www.gruene-drensteinfurt.de\/content\/wp-content\/uploads\/2025\/09\/Apfelfest-1.jpg 1536w\" sizes=\"auto, (max-width: 400px) 100vw, 400px\" \/>Der Ortsverband von B\u00dcNDNIS 90\/DIE GR\u00dcNEN Drensteinfurt l\u00e4dt alle B\u00fcrgerinnen und B\u00fcrger herzlich ein,<\/p>\n<blockquote><p>am Sonntag, den 21. September 2025,<\/p><\/blockquote>\n<p>an einer gemeinsamen Radtour zum Biohof Deventer in Rinkerode teilzunehmen. Dort findet das mittlerweile traditionelle Apfelfest statt \u2013 ein Fest, das Regionalit\u00e4t, Nachhaltigkeit und Gemeinschaft erlebbar macht.<\/p>\n<p>Der Biohof Deventer steht f\u00fcr eine Landwirtschaft, die im Einklang mit der Natur arbeitet und regionale Wertsch\u00f6pfung f\u00f6rdert. Beim Apfelfest k\u00f6nnen Besucherinnen und Besucher die Vielfalt dieses Ansatzes entdecken. Ob beim Hofrundgang, den Einkaufsm\u00f6glichkeiten direkt vor Ort, den kulinarischen Angeboten oder beim Bestaunen der mobilen Saftpresse, insbesondere f\u00fcr Familien gibt es viel zu erleben.<\/p>\n<p>Startpunkt der gemeinsamen Radtour ist am Sonntag um 13:00 Uhr vor der Alten Post in Drensteinfurt. In gem\u00fctlichem Tempo geht es dann mit dem Rad nach Rinkerode \u2013 klimafreundlich, gesund und gesellig.<\/p>\n<p>\u201eMit der Radtour und dem Besuch beim Apfelfest wollen wir zeigen, wie eng Lebensqualit\u00e4t, regionale Erzeugung und Nachhaltigkeit zusammengeh\u00f6ren. Wer den direkten Austausch sucht und Lust auf Genuss im Gr\u00fcnen hat, ist herzlich eingeladen, dabei zu sein\u201c, betont der Ortsverband von B\u00fcndnis 90\/Die Gr\u00fcnen Drensteinfurt.<\/p>\n","protected":false},"excerpt":{"rendered":"<p>Gemeinsam radeln, nachhaltig genie\u00dfen: Einladung zum Apfelfest auf dem Biohof Deventer Der Ortsverband von B\u00dcNDNIS 90\/DIE GR\u00dcNEN Drensteinfurt l\u00e4dt alle B\u00fcrgerinnen und B\u00fcrger herzlich ein, am Sonntag, den 21. September&#8230; <\/p>\n","protected":false},"author":755,"featured_media":0,"parent":0,"menu_order":0,"comment_status":"closed","ping_status":"closed","template":"","meta":{"_uf_show_specific_survey":0,"_uf_disable_surveys":false,"footnotes":""},"class_list":["post-4326","page","type-page","status-publish","hentry"],"_links":{"self":[{"href":"https:\/\/www.gruene-drensteinfurt.de\/content\/index.php\/wp-json\/wp\/v2\/pages\/4326","targetHints":{"allow":["GET"]}}],"collection":[{"href":"https:\/\/www.gruene-drensteinfurt.de\/content\/index.php\/wp-json\/wp\/v2\/pages"}],"about":[{"href":"https:\/\/www.gruene-drensteinfurt.de\/content\/index.php\/wp-json\/wp\/v2\/types\/page"}],"author":[{"embeddable":true,"href":"https:\/\/www.gruene-drensteinfurt.de\/content\/index.php\/wp-json\/wp\/v2\/users\/755"}],"replies":[{"embeddable":true,"href":"https:\/\/www.gruene-drensteinfurt.de\/content\/index.php\/wp-json\/wp\/v2\/comments?post=4326"}],"version-history":[{"count":1,"href":"https:\/\/www.gruene-drensteinfurt.de\/content\/index.php\/wp-json\/wp\/v2\/pages\/4326\/revisions"}],"predecessor-version":[{"id":4328,"href":"https:\/\/www.gruene-drensteinfurt.de\/content\/index.php\/wp-json\/wp\/v2\/pages\/4326\/revisions\/4328"}],"wp:attachment":[{"href":"https:\/\/www.gruene-drensteinfurt.de\/content\/index.php\/wp-json\/wp\/v2\/media?parent=4326"}],"curies":[{"name":"wp","href":"https:\/\/api.w.org\/{rel}","templated":true}]}}