{"id":4023,"date":"2025-08-01T20:35:35","date_gmt":"2025-08-01T19:35:35","guid":{"rendered":"https:\/\/www.gruene-drensteinfurt.de\/content\/?page_id=4023"},"modified":"2025-08-03T06:33:52","modified_gmt":"2025-08-03T06:33:52","slug":"wahlprogramm-2025-drensteinfurt","status":"publish","type":"page","link":"https:\/\/www.gruene-drensteinfurt.de\/content\/index.php\/kommunalwahl-2025\/wahlprogramm-2025-drensteinfurt\/","title":{"rendered":"Wahlprogramm 2025-Drensteinfurt"},"content":{"rendered":"<blockquote><p>B\u00dcNDNIS 90\/DIE GR\u00dcNEN Drensteinfurt<img loading=\"lazy\" decoding=\"async\" class=\"size-medium wp-image-4004 alignright\" src=\"https:\/\/www.gruene-drensteinfurt.de\/content\/wp-content\/uploads\/2025\/08\/cropped-drensteinfurt_2-1-400x216.png\" alt=\"\" width=\"400\" height=\"216\" srcset=\"https:\/\/www.gruene-drensteinfurt.de\/content\/wp-content\/uploads\/2025\/08\/cropped-drensteinfurt_2-1-400x216.png 400w, https:\/\/www.gruene-drensteinfurt.de\/content\/wp-content\/uploads\/2025\/08\/cropped-drensteinfurt_2-1-800x432.png 800w, https:\/\/www.gruene-drensteinfurt.de\/content\/wp-content\/uploads\/2025\/08\/cropped-drensteinfurt_2-1-768x415.png 768w, https:\/\/www.gruene-drensteinfurt.de\/content\/wp-content\/uploads\/2025\/08\/cropped-drensteinfurt_2-1-150x81.png 150w, https:\/\/www.gruene-drensteinfurt.de\/content\/wp-content\/uploads\/2025\/08\/cropped-drensteinfurt_2-1.png 1000w\" sizes=\"auto, (max-width: 400px) 100vw, 400px\" \/><br \/>\nMit klarer Haltung f\u00fcr unsere Stadt \u2013 sozial-\u00f6kologisch zukunftsorientiert.<\/p><\/blockquote>\n<p><strong>Zukunft gestalten: unser Leitbild<\/strong><\/p>\n<p>Nachhaltigkeit gelingt nur im Einklang von sozialen, \u00f6kologischen und \u00f6konomischen Interessen. Nur so wird Drensteinfurt zu einem Zukunftsprojekt f\u00fcr alle Menschen unserer Stadt. Wir stehen f\u00fcr eine lebenswerte, klimafreundliche und gerechte Kommune, die niemanden zur\u00fcckl\u00e4sst.<\/p>\n<blockquote><p>Unsere Vision f\u00fcr Drensteinfurt<\/p><\/blockquote>\n<p><strong>Wir Gr\u00fcne wollen:<\/strong><\/p>\n<ul>\n<li><strong>Einen Masterplan Klimaschutz<\/strong><\/li>\n<li><strong>Das JA zu Wind- und Solarenergie \u2013 und ein NEIN zu fossilen Energien<\/strong><\/li>\n<li><strong>Eine fahrradfreundliche, verkehrsberuhigte und barrierefreie Innenstadt<\/strong><\/li>\n<li><strong>Freies WLAN an allen \u00f6ffentlichen Pl\u00e4tzen in allen Ortsteilen<\/strong><\/li>\n<li><strong>Bezahlbaren Wohnraum f\u00fcr alle \u2013 Senioren-, familien- und behindertengerecht<\/strong><\/li>\n<li><strong>Eine starke, zukunftsf\u00e4hige Wirtschaft, gepr\u00e4gt von Nachhaltigkeit<\/strong><\/li>\n<li><strong>Nachhaltige Geldanlagen der Kommune<\/strong><\/li>\n<li><strong>Keinen Rathausneubau \u2013 kluge Sanierung statt teurem Neubau<\/strong><\/li>\n<li><strong>Einen attraktiven und qualitativen Schulstandort<\/strong><\/li>\n<li><strong>Eine lokale Ausbildungsb\u00f6rse f\u00fcr Jugendliche und Betriebe<\/strong><\/li>\n<li><strong>Regenbogenstadt Drensteinfurt \u2013 Toleranz, Respekt und Vielfalt leben<\/strong><\/li>\n<li><strong>Nachbarn geh\u00f6ren zusammen \u2013 B\u00fcrgerbeteiligung in der Stadt Drensteinfurt ausbauen und weiterentwickeln. <\/strong><br \/>\n<strong>Durch B\u00fcrgerbeteiligung bewegen wir gemeinsam unsere Stadt.<\/strong><\/li>\n<\/ul>\n<blockquote><p><a href=\"https:\/\/www.gruene-drensteinfurt.de\/content\/wp-content\/uploads\/2025\/08\/Wahlprogramm-2025-Text-Endfassung.pdf\">Das ganze Wahlprogramm als PDF gibt es hier. WAHLPROGRAMM B\u00dcNDNIS 90\/DIE GR\u00dcNEN<\/a><\/p><\/blockquote>\n","protected":false},"excerpt":{"rendered":"<p>B\u00dcNDNIS 90\/DIE GR\u00dcNEN Drensteinfurt Mit klarer Haltung f\u00fcr unsere Stadt \u2013 sozial-\u00f6kologisch zukunftsorientiert. Zukunft gestalten: unser Leitbild Nachhaltigkeit gelingt nur im Einklang von sozialen, \u00f6kologischen und \u00f6konomischen Interessen. Nur so&#8230; <\/p>\n","protected":false},"author":755,"featured_media":0,"parent":4013,"menu_order":9,"comment_status":"closed","ping_status":"closed","template":"","meta":{"_uf_show_specific_survey":0,"_uf_disable_surveys":false,"footnotes":""},"class_list":["post-4023","page","type-page","status-publish","hentry"],"_links":{"self":[{"href":"https:\/\/www.gruene-drensteinfurt.de\/content\/index.php\/wp-json\/wp\/v2\/pages\/4023","targetHints":{"allow":["GET"]}}],"collection":[{"href":"https:\/\/www.gruene-drensteinfurt.de\/content\/index.php\/wp-json\/wp\/v2\/pages"}],"about":[{"href":"https:\/\/www.gruene-drensteinfurt.de\/content\/index.php\/wp-json\/wp\/v2\/types\/page"}],"author":[{"embeddable":true,"href":"https:\/\/www.gruene-drensteinfurt.de\/content\/index.php\/wp-json\/wp\/v2\/users\/755"}],"replies":[{"embeddable":true,"href":"https:\/\/www.gruene-drensteinfurt.de\/content\/index.php\/wp-json\/wp\/v2\/comments?post=4023"}],"version-history":[{"count":3,"href":"https:\/\/www.gruene-drensteinfurt.de\/content\/index.php\/wp-json\/wp\/v2\/pages\/4023\/revisions"}],"predecessor-version":[{"id":4033,"href":"https:\/\/www.gruene-drensteinfurt.de\/content\/index.php\/wp-json\/wp\/v2\/pages\/4023\/revisions\/4033"}],"up":[{"embeddable":true,"href":"https:\/\/www.gruene-drensteinfurt.de\/content\/index.php\/wp-json\/wp\/v2\/pages\/4013"}],"wp:attachment":[{"href":"https:\/\/www.gruene-drensteinfurt.de\/content\/index.php\/wp-json\/wp\/v2\/media?parent=4023"}],"curies":[{"name":"wp","href":"https:\/\/api.w.org\/{rel}","templated":true}]}}