{"id":4013,"date":"2025-08-01T19:44:24","date_gmt":"2025-08-01T18:44:24","guid":{"rendered":"https:\/\/www.gruene-drensteinfurt.de\/content\/?page_id=4013"},"modified":"2025-09-02T06:13:34","modified_gmt":"2025-09-02T06:13:34","slug":"kommunalwahl-2025","status":"publish","type":"page","link":"https:\/\/www.gruene-drensteinfurt.de\/content\/index.php\/kommunalwahl-2025\/","title":{"rendered":"Kommunalwahl 2025"},"content":{"rendered":"<header class=\"article-header\">\n<h1 class=\"h2\"><a title=\"Kommunalwahl 2025\" href=\"https:\/\/www.gruene-drensteinfurt.de\/content\/index.php\/2025\/08\/01\/kommunalwahl-2025\/\" rel=\"bookmark\">Kommunalwahl 2025<\/a><\/h1>\n<\/header>\n<section class=\"entry-content clearfix\">\n<blockquote><p><b>B\u00dcNDNIS 90\/DIE GR\u00dcNEN Drensteinfurt: Mit klarer Haltung in die Zukunft<\/b><\/p><\/blockquote>\n<p>Liebe Drensteinfurterinnen und Drensteinfurter,<img loading=\"lazy\" decoding=\"async\" class=\"size-medium wp-image-4016 alignright\" src=\"https:\/\/www.gruene-drensteinfurt.de\/content\/wp-content\/uploads\/2025\/08\/drensteinfurt_2-1-400x216.png\" sizes=\"auto, (max-width: 400px) 100vw, 400px\" srcset=\"https:\/\/www.gruene-drensteinfurt.de\/content\/wp-content\/uploads\/2025\/08\/drensteinfurt_2-1-400x216.png 400w, https:\/\/www.gruene-drensteinfurt.de\/content\/wp-content\/uploads\/2025\/08\/drensteinfurt_2-1-800x432.png 800w, https:\/\/www.gruene-drensteinfurt.de\/content\/wp-content\/uploads\/2025\/08\/drensteinfurt_2-1-768x415.png 768w, https:\/\/www.gruene-drensteinfurt.de\/content\/wp-content\/uploads\/2025\/08\/drensteinfurt_2-1-150x81.png 150w, https:\/\/www.gruene-drensteinfurt.de\/content\/wp-content\/uploads\/2025\/08\/drensteinfurt_2-1.png 1000w\" alt=\"\" width=\"400\" height=\"216\" \/><\/p>\n<p>wir von B\u00dcNDNIS 90\/DIE GR\u00dcNEN Drensteinfurt laden Sie herzlich ein, gemeinsam mit uns die Zukunft unserer Stadt zu gestalten. Unser Leitbild ist klar:\u00a0<strong>Nachhaltigkeit gelingt nur im Einklang von sozialen, \u00f6kologischen und \u00f6konomischen Interessen. Wir sind \u00fcberzeugt, dass Drensteinfurt so zu einem Zukunftsprojekt f\u00fcr alle Menschen unserer Stadt wird \u2013 eine lebenswerte, klimafreundliche und gerechte Kommune, die niemanden zur\u00fcckl\u00e4sst.<\/strong><\/p>\n<p>In unserem Wahlprogramm 2025 haben wir unsere Visionen f\u00fcr Drensteinfurt zusammengefasst. Wir wollen eine Stadt, die mutig vorangeht und die Herausforderungen unserer Zeit aktiv angeht.<\/p>\n<blockquote><p><b>Unsere Vision f\u00fcr ein zukunftsf\u00e4higes Drensteinfurt:<\/b><\/p><\/blockquote>\n<ul>\n<li><b>Klimaschutz als Priorit\u00e4t:<\/b>\u00a0Wir wollen einen Masterplan Klimaschutz entwickeln, der Drensteinfurt fit f\u00fcr die Zukunft macht. Dazu geh\u00f6rt unser klares Ja zu Wind- und Solarenergie und ein konsequentes Nein zu fossilen Energien.<\/li>\n<li><b>Mobilit\u00e4t neu denken:<\/b>\u00a0Eine fahrradfreundliche, verkehrsberuhigte und barrierefreie Innenstadt ist unser Ziel. So schaffen wir mehr Platz f\u00fcr Begegnungen und machen unsere Stadt f\u00fcr alle leichter zug\u00e4nglich.<\/li>\n<li><b>Soziales und Gerechtigkeit:<\/b>\u00a0Wir setzen uns f\u00fcr bezahlbaren, senioren-, familien- und behindertengerechten Wohnraum f\u00fcr alle ein. Jede und jeder soll sich in Drensteinfurt ein Zuhause leisten k\u00f6nnen.<\/li>\n<li><b>Starke Wirtschaft, nachhaltig und fair:<\/b>\u00a0Wir stehen f\u00fcr eine zukunftsf\u00e4hige Wirtschaft, die auf Nachhaltigkeit setzt. Zudem fordern wir nachhaltige Geldanlagen der Kommune, um unsere Finanzen verantwortungsvoll zu verwalten.<\/li>\n<li><b>Kluge Sanierung statt teurem Neubau:<\/b>\u00a0Wir sagen Nein zu einem kostspieligen Rathausneubau und setzen uns stattdessen f\u00fcr eine kluge Sanierung bestehender Geb\u00e4ude ein, die unsere Stadtkasse schont.<\/li>\n<li><b>Bildung und Jugend f\u00f6rdern:<\/b>\u00a0Drensteinfurt soll ein attraktiver und qualitativer Schulstandort sein. Mit einer lokalen Ausbildungsb\u00f6rse wollen wir Jugendliche und Betriebe gezielt zusammenbringen.<\/li>\n<li><b>Vielfalt leben:<\/b>\u00a0Wir bekennen uns zur \u201eRegenbogenstadt Drensteinfurt\u201c, in der Toleranz, Respekt und Vielfalt nicht nur Worte, sondern gelebte Werte sind.<\/li>\n<li><b>Gemeinsam gestalten:<\/b>\u00a0Nachbarn geh\u00f6ren zusammen. Wir wollen B\u00fcrgerbeteiligung in unserer Stadt ausbauen und weiterentwickeln. Denn wir sind \u00fcberzeugt: Durch B\u00fcrgerbeteiligung bewegen wir gemeinsam unsere Stadt.<\/li>\n<li><b>Vernetzt in der digitalen Welt:<\/b>\u00a0Freies WLAN an allen \u00f6ffentlichen Pl\u00e4tzen in allen Ortsteilen soll Drensteinfurt digital vernetzen und den Austausch erleichtern.<\/li>\n<\/ul>\n<blockquote><p>Unsere Vision ist ein Drensteinfurt, das f\u00fcr die kommenden Generationen lebenswert und zukunftsf\u00e4hig ist. Wir laden Sie ein, sich mit uns f\u00fcr diese Ziele einzusetzen.<\/p><\/blockquote>\n<p><b>Gemeinsam machen wir Drensteinfurt stark!<\/b><\/p>\n<\/section>\n<p>&nbsp;<\/p>\n<p><iframe loading=\"lazy\" title=\"NRW: Zuhause von 18 Millionen!\" width=\"783\" height=\"440\" src=\"https:\/\/www.youtube.com\/embed\/s1hYteP2vbY?feature=oembed\" frameborder=\"0\" allow=\"accelerometer; autoplay; clipboard-write; encrypted-media; gyroscope; picture-in-picture; web-share\" referrerpolicy=\"strict-origin-when-cross-origin\" allowfullscreen><\/iframe><\/p>\n","protected":false},"excerpt":{"rendered":"<p>Kommunalwahl 2025 B\u00dcNDNIS 90\/DIE GR\u00dcNEN Drensteinfurt: Mit klarer Haltung in die Zukunft Liebe Drensteinfurterinnen und Drensteinfurter, wir von B\u00dcNDNIS 90\/DIE GR\u00dcNEN Drensteinfurt laden Sie herzlich ein, gemeinsam mit uns die&#8230; <\/p>\n","protected":false},"author":755,"featured_media":0,"parent":0,"menu_order":0,"comment_status":"closed","ping_status":"closed","template":"","meta":{"_uf_show_specific_survey":0,"_uf_disable_surveys":false,"footnotes":""},"class_list":["post-4013","page","type-page","status-publish","hentry"],"_links":{"self":[{"href":"https:\/\/www.gruene-drensteinfurt.de\/content\/index.php\/wp-json\/wp\/v2\/pages\/4013","targetHints":{"allow":["GET"]}}],"collection":[{"href":"https:\/\/www.gruene-drensteinfurt.de\/content\/index.php\/wp-json\/wp\/v2\/pages"}],"about":[{"href":"https:\/\/www.gruene-drensteinfurt.de\/content\/index.php\/wp-json\/wp\/v2\/types\/page"}],"author":[{"embeddable":true,"href":"https:\/\/www.gruene-drensteinfurt.de\/content\/index.php\/wp-json\/wp\/v2\/users\/755"}],"replies":[{"embeddable":true,"href":"https:\/\/www.gruene-drensteinfurt.de\/content\/index.php\/wp-json\/wp\/v2\/comments?post=4013"}],"version-history":[{"count":3,"href":"https:\/\/www.gruene-drensteinfurt.de\/content\/index.php\/wp-json\/wp\/v2\/pages\/4013\/revisions"}],"predecessor-version":[{"id":4226,"href":"https:\/\/www.gruene-drensteinfurt.de\/content\/index.php\/wp-json\/wp\/v2\/pages\/4013\/revisions\/4226"}],"wp:attachment":[{"href":"https:\/\/www.gruene-drensteinfurt.de\/content\/index.php\/wp-json\/wp\/v2\/media?parent=4013"}],"curies":[{"name":"wp","href":"https:\/\/api.w.org\/{rel}","templated":true}]}}