{"id":3977,"date":"2025-07-31T21:09:06","date_gmt":"2025-07-31T20:09:06","guid":{"rendered":"https:\/\/www.gruene-drensteinfurt.de\/content\/?page_id=3977"},"modified":"2025-08-01T06:41:27","modified_gmt":"2025-08-01T05:41:27","slug":"ortsverband","status":"publish","type":"page","link":"https:\/\/www.gruene-drensteinfurt.de\/content\/index.php\/ortsverband\/","title":{"rendered":"Ortsverband"},"content":{"rendered":"<div class=\"gs_p\">Ein\u00a0<strong>Ortsverband der Gr\u00fcnen<\/strong>\u00a0ist der formale Zusammenschluss von Mitgliedern auf Gemeinde- oder Stadtebene.<br \/>\nEr erm\u00f6glicht es den Mitgliedern, sich mit Gleichgesinnten zu verbinden und neue Ideen zu teilen.<\/p>\n<\/div>\n<ul class=\"gs_cit_stry_pre gs_cit_stry_sm\">\n<li>\n<div class=\"gs_p\">\n<p><span class=\"gs_cit_txt\" data-sups=\"1\" data-hover-id=\"1\">Ein Ortsverband besteht aus mindestens drei Mitgliedern und unterst\u00fctzt die politische Arbeit und den Willensbildungsprozess.\u00a0<\/span><\/p>\n<\/div>\n<\/li>\n<li>\n<div class=\"gs_p\">\n<p><span class=\"gs_cit_txt\" data-sups=\"1\" data-hover-id=\"2\">Die Aufgaben eines Ortsverbands umfassen die Teilnahme am politischen Willensbildungsprozess und die Gestaltung von Wahlkampfaktivit\u00e4ten vor Ort.\u00a0<\/span><\/p>\n<\/div>\n<\/li>\n<li>\n<div class=\"gs_p\">\n<p><span class=\"gs_cit_txt\" data-sups=\"2\" data-hover-id=\"3\">Die Gr\u00fcndung eines Ortsverbands kann eine gute M\u00f6glichkeit sein, um aktiv zu werden und gemeinsam gegen Herausforderungen zu k\u00e4mpfen, wie z.B. den Klimawandel.\u00a0<\/span><\/p>\n<p><span class=\"gs_cit_txt\" data-sups=\"2\" data-hover-id=\"4\"><br \/>\nF\u00fcr weitere Informationen und Unterst\u00fctzung bei der Gr\u00fcndung eines Ortsverbands k\u00f6nnen Sie sich an die Gr\u00fcnen in Ihrer Region wenden.<\/span><\/p>\n<\/div>\n<\/li>\n<\/ul>\n","protected":false},"excerpt":{"rendered":"<p>Ein\u00a0Ortsverband der Gr\u00fcnen\u00a0ist der formale Zusammenschluss von Mitgliedern auf Gemeinde- oder Stadtebene. Er erm\u00f6glicht es den Mitgliedern, sich mit Gleichgesinnten zu verbinden und neue Ideen zu teilen. Ein Ortsverband besteht&#8230; <\/p>\n","protected":false},"author":755,"featured_media":0,"parent":0,"menu_order":0,"comment_status":"closed","ping_status":"closed","template":"","meta":{"_uf_show_specific_survey":0,"_uf_disable_surveys":false,"footnotes":""},"class_list":["post-3977","page","type-page","status-publish","hentry"],"_links":{"self":[{"href":"https:\/\/www.gruene-drensteinfurt.de\/content\/index.php\/wp-json\/wp\/v2\/pages\/3977","targetHints":{"allow":["GET"]}}],"collection":[{"href":"https:\/\/www.gruene-drensteinfurt.de\/content\/index.php\/wp-json\/wp\/v2\/pages"}],"about":[{"href":"https:\/\/www.gruene-drensteinfurt.de\/content\/index.php\/wp-json\/wp\/v2\/types\/page"}],"author":[{"embeddable":true,"href":"https:\/\/www.gruene-drensteinfurt.de\/content\/index.php\/wp-json\/wp\/v2\/users\/755"}],"replies":[{"embeddable":true,"href":"https:\/\/www.gruene-drensteinfurt.de\/content\/index.php\/wp-json\/wp\/v2\/comments?post=3977"}],"version-history":[{"count":4,"href":"https:\/\/www.gruene-drensteinfurt.de\/content\/index.php\/wp-json\/wp\/v2\/pages\/3977\/revisions"}],"predecessor-version":[{"id":3997,"href":"https:\/\/www.gruene-drensteinfurt.de\/content\/index.php\/wp-json\/wp\/v2\/pages\/3977\/revisions\/3997"}],"wp:attachment":[{"href":"https:\/\/www.gruene-drensteinfurt.de\/content\/index.php\/wp-json\/wp\/v2\/media?parent=3977"}],"curies":[{"name":"wp","href":"https:\/\/api.w.org\/{rel}","templated":true}]}}