{"id":194,"date":"2016-05-26T09:33:59","date_gmt":"2016-05-26T08:33:59","guid":{"rendered":"http:\/\/www.gruene-drensteinfurt.de\/content\/?page_id=194"},"modified":"2025-11-09T06:58:12","modified_gmt":"2025-11-09T06:58:12","slug":"ausschuesse","status":"publish","type":"page","link":"https:\/\/www.gruene-drensteinfurt.de\/content\/index.php\/ausschuesse\/","title":{"rendered":"Aussch\u00fcsse\/ Fraktion"},"content":{"rendered":"<p><strong>Die Besetzung der Aussch\u00fcsse wurde am 3. November 2025 in der Ratssitzung beschlossen<\/strong><\/p>\n<blockquote><p><a href=\"https:\/\/sessionnet.owl-it.de\/drensteinfurt\/bi\/info.asp\">Alle Termine im \u00dcberblick HIER im B\u00fcrgerinfoportal<\/a><\/p><\/blockquote>\n<p>&nbsp;<\/p>\n<blockquote>\n<h4><strong>Fraktionsvorsitz<\/strong><\/h4>\n<\/blockquote>\n<p><strong>\u00a0<img loading=\"lazy\" decoding=\"async\" class=\"alignnone wp-image-4405\" src=\"https:\/\/www.gruene-drensteinfurt.de\/content\/wp-content\/uploads\/2025\/10\/Heidi-Pechmann-400x522.png\" alt=\"\" width=\"161\" height=\"210\" srcset=\"https:\/\/www.gruene-drensteinfurt.de\/content\/wp-content\/uploads\/2025\/10\/Heidi-Pechmann-400x522.png 400w, https:\/\/www.gruene-drensteinfurt.de\/content\/wp-content\/uploads\/2025\/10\/Heidi-Pechmann-115x150.png 115w, https:\/\/www.gruene-drensteinfurt.de\/content\/wp-content\/uploads\/2025\/10\/Heidi-Pechmann.png 627w\" sizes=\"auto, (max-width: 161px) 100vw, 161px\" \/> <img loading=\"lazy\" decoding=\"async\" class=\"alignnone wp-image-4404\" src=\"https:\/\/www.gruene-drensteinfurt.de\/content\/wp-content\/uploads\/2025\/10\/Bernhard-Meyer-400x522.png\" alt=\"\" width=\"161\" height=\"210\" srcset=\"https:\/\/www.gruene-drensteinfurt.de\/content\/wp-content\/uploads\/2025\/10\/Bernhard-Meyer-400x522.png 400w, https:\/\/www.gruene-drensteinfurt.de\/content\/wp-content\/uploads\/2025\/10\/Bernhard-Meyer-115x150.png 115w, https:\/\/www.gruene-drensteinfurt.de\/content\/wp-content\/uploads\/2025\/10\/Bernhard-Meyer.png 657w\" sizes=\"auto, (max-width: 161px) 100vw, 161px\" \/><br \/>\nVorsitzende\u00a0 \u00a0 \u00a0 \u00a0 \u00a0 \u00a0 \u00a0 \u00a0 \u00a0 \u00a0 \u00a0 \u00a0Stellv. Vorsitzender<\/strong><\/p>\n<p>&nbsp;<\/p>\n<blockquote>\n<h4><u><strong>Haupt- und Finanzausschuss (HFA)<br \/>\n<a href=\"https:\/\/sessionnet.owl-it.de\/drensteinfurt\/bi\/si0046.asp?smccont=85&amp;__cselect=65536&amp;__cfid=65536&amp;__canz=12&amp;__cmonat=1&amp;__osidat=d&amp;__kgsgrnr=5\">Termine<\/a><\/strong><\/u><\/h4>\n<\/blockquote>\n<p><strong>Ratsmitglieder:<br \/>\n<img loading=\"lazy\" decoding=\"async\" class=\"alignnone wp-image-4404\" src=\"https:\/\/www.gruene-drensteinfurt.de\/content\/wp-content\/uploads\/2025\/10\/Bernhard-Meyer-400x522.png\" alt=\"\" width=\"161\" height=\"210\" srcset=\"https:\/\/www.gruene-drensteinfurt.de\/content\/wp-content\/uploads\/2025\/10\/Bernhard-Meyer-400x522.png 400w, https:\/\/www.gruene-drensteinfurt.de\/content\/wp-content\/uploads\/2025\/10\/Bernhard-Meyer-115x150.png 115w, https:\/\/www.gruene-drensteinfurt.de\/content\/wp-content\/uploads\/2025\/10\/Bernhard-Meyer.png 657w\" sizes=\"auto, (max-width: 161px) 100vw, 161px\" \/> <img loading=\"lazy\" decoding=\"async\" class=\"alignnone wp-image-4405\" src=\"https:\/\/www.gruene-drensteinfurt.de\/content\/wp-content\/uploads\/2025\/10\/Heidi-Pechmann-400x522.png\" alt=\"\" width=\"161\" height=\"210\" srcset=\"https:\/\/www.gruene-drensteinfurt.de\/content\/wp-content\/uploads\/2025\/10\/Heidi-Pechmann-400x522.png 400w, https:\/\/www.gruene-drensteinfurt.de\/content\/wp-content\/uploads\/2025\/10\/Heidi-Pechmann-115x150.png 115w, https:\/\/www.gruene-drensteinfurt.de\/content\/wp-content\/uploads\/2025\/10\/Heidi-Pechmann.png 627w\" sizes=\"auto, (max-width: 161px) 100vw, 161px\" \/><\/strong><\/p>\n<p><strong>Stellvertreter\/-innen:<br \/>\n<\/strong>Stefan Gengenbacher<br \/>\nTheo Homann<br \/>\nThomas Kluth<\/p>\n<blockquote>\n<h4><u><strong>Rechnungspr\u00fcfungsausschuss\u00a0 (RPA)<br \/>\n<a href=\"https:\/\/sessionnet.owl-it.de\/drensteinfurt\/bi\/si0046.asp?__cjahr=2026&amp;__cmonat=1&amp;__canz=12&amp;__osidat=d&amp;smccont=85&amp;__kgsgrnr=6&amp;__cselect=65536\">Termine<\/a><\/strong><\/u><\/h4>\n<\/blockquote>\n<p><strong>Ratsmitglieder:<br \/>\n<img loading=\"lazy\" decoding=\"async\" class=\"alignnone wp-image-4406\" src=\"https:\/\/www.gruene-drensteinfurt.de\/content\/wp-content\/uploads\/2025\/10\/Stefan-Gengenbacher-400x520.png\" alt=\"\" width=\"161\" height=\"209\" srcset=\"https:\/\/www.gruene-drensteinfurt.de\/content\/wp-content\/uploads\/2025\/10\/Stefan-Gengenbacher-400x520.png 400w, https:\/\/www.gruene-drensteinfurt.de\/content\/wp-content\/uploads\/2025\/10\/Stefan-Gengenbacher-115x150.png 115w, https:\/\/www.gruene-drensteinfurt.de\/content\/wp-content\/uploads\/2025\/10\/Stefan-Gengenbacher.png 630w\" sizes=\"auto, (max-width: 161px) 100vw, 161px\" \/> <img loading=\"lazy\" decoding=\"async\" class=\"alignnone wp-image-4402\" src=\"https:\/\/www.gruene-drensteinfurt.de\/content\/wp-content\/uploads\/2025\/10\/Theo-Homann-400x525.png\" alt=\"\" width=\"161\" height=\"211\" srcset=\"https:\/\/www.gruene-drensteinfurt.de\/content\/wp-content\/uploads\/2025\/10\/Theo-Homann-400x525.png 400w, https:\/\/www.gruene-drensteinfurt.de\/content\/wp-content\/uploads\/2025\/10\/Theo-Homann-114x150.png 114w, https:\/\/www.gruene-drensteinfurt.de\/content\/wp-content\/uploads\/2025\/10\/Theo-Homann.png 626w\" sizes=\"auto, (max-width: 161px) 100vw, 161px\" \/><\/strong><br \/>\n<strong><br \/>\nStellvertreter\/-innen:<br \/>\n<\/strong>Bernhard Meyer<br \/>\nHeidi Pechmann<br \/>\nThomas Kluth<br \/>\n<u><\/u><\/p>\n<blockquote>\n<h4><u><strong>Ausschuss f\u00fcr Familie, Jugend, Senioren und Soziales\u00a0 FJSSA<br \/>\n<a href=\"https:\/\/sessionnet.owl-it.de\/drensteinfurt\/bi\/si0046.asp?smccont=85&amp;__cselect=65536&amp;__cfid=65536&amp;__canz=12&amp;__cmonat=1&amp;__osidat=d&amp;__kgsgrnr=8\">Termine<\/a><\/strong><\/u><\/h4>\n<\/blockquote>\n<p><strong>Ratsmitglied:<br \/>\n<img loading=\"lazy\" decoding=\"async\" class=\"alignnone wp-image-4404\" src=\"https:\/\/www.gruene-drensteinfurt.de\/content\/wp-content\/uploads\/2025\/10\/Bernhard-Meyer-400x522.png\" alt=\"\" width=\"161\" height=\"210\" srcset=\"https:\/\/www.gruene-drensteinfurt.de\/content\/wp-content\/uploads\/2025\/10\/Bernhard-Meyer-400x522.png 400w, https:\/\/www.gruene-drensteinfurt.de\/content\/wp-content\/uploads\/2025\/10\/Bernhard-Meyer-115x150.png 115w, https:\/\/www.gruene-drensteinfurt.de\/content\/wp-content\/uploads\/2025\/10\/Bernhard-Meyer.png 657w\" sizes=\"auto, (max-width: 161px) 100vw, 161px\" \/> <img loading=\"lazy\" decoding=\"async\" class=\"alignnone wp-image-4405\" src=\"https:\/\/www.gruene-drensteinfurt.de\/content\/wp-content\/uploads\/2025\/10\/Heidi-Pechmann-400x522.png\" alt=\"\" width=\"161\" height=\"210\" srcset=\"https:\/\/www.gruene-drensteinfurt.de\/content\/wp-content\/uploads\/2025\/10\/Heidi-Pechmann-400x522.png 400w, https:\/\/www.gruene-drensteinfurt.de\/content\/wp-content\/uploads\/2025\/10\/Heidi-Pechmann-115x150.png 115w, https:\/\/www.gruene-drensteinfurt.de\/content\/wp-content\/uploads\/2025\/10\/Heidi-Pechmann.png 627w\" sizes=\"auto, (max-width: 161px) 100vw, 161px\" \/><br \/>\n<\/strong>Vorsitzender und stellvertretende Vorsitzende des Ausschusses<\/p>\n<p><strong>Stellvertreter\/-innen:<br \/>\n<\/strong>Heidi Pechmann<br \/>\nThomas Kluth<br \/>\nStefan Gengenbacher<br \/>\nTheo Homann<strong><br \/>\n<\/strong><\/p>\n<p><strong>Sachkundige B\u00fcrger:<br \/>\n<\/strong>Conny G\u00fcse<br \/>\nPetra Wrede <strong><br \/>\n<\/strong><\/p>\n<p><strong>Stellvertreter\/-innen Sachkundige B\u00fcrger:<\/strong><br \/>\nMona Kolbow<br \/>\nUwe Eggert<br \/>\nMichael Reckmann<br \/>\nAnne St\u00f6wer<br \/>\nJennifer Hoffmann<br \/>\n<strong><br \/>\n<\/strong><\/p>\n<blockquote>\n<h4><u><strong>Ausschuss f\u00fcr Schule, Sport und Kultur\u00a0 SSKA<br \/>\n<a href=\"https:\/\/sessionnet.owl-it.de\/drensteinfurt\/bi\/si0046.asp?smccont=85&amp;__cselect=65536&amp;__cfid=65536&amp;__canz=12&amp;__cmonat=1&amp;__osidat=d&amp;__kgsgrnr=9\">Termine<\/a><\/strong><\/u><\/h4>\n<\/blockquote>\n<p><strong>Ratsmitglieder:<br \/>\n<\/strong><strong><img loading=\"lazy\" decoding=\"async\" class=\"alignnone wp-image-4405\" src=\"https:\/\/www.gruene-drensteinfurt.de\/content\/wp-content\/uploads\/2025\/10\/Heidi-Pechmann-400x522.png\" alt=\"\" width=\"161\" height=\"210\" srcset=\"https:\/\/www.gruene-drensteinfurt.de\/content\/wp-content\/uploads\/2025\/10\/Heidi-Pechmann-400x522.png 400w, https:\/\/www.gruene-drensteinfurt.de\/content\/wp-content\/uploads\/2025\/10\/Heidi-Pechmann-115x150.png 115w, https:\/\/www.gruene-drensteinfurt.de\/content\/wp-content\/uploads\/2025\/10\/Heidi-Pechmann.png 627w\" sizes=\"auto, (max-width: 161px) 100vw, 161px\" \/> <img loading=\"lazy\" decoding=\"async\" class=\"alignnone wp-image-4431\" src=\"https:\/\/www.gruene-drensteinfurt.de\/content\/wp-content\/uploads\/2025\/11\/Kluth-400x519.png\" alt=\"\" width=\"161\" height=\"209\" srcset=\"https:\/\/www.gruene-drensteinfurt.de\/content\/wp-content\/uploads\/2025\/11\/Kluth-400x519.png 400w, https:\/\/www.gruene-drensteinfurt.de\/content\/wp-content\/uploads\/2025\/11\/Kluth-116x150.png 116w, https:\/\/www.gruene-drensteinfurt.de\/content\/wp-content\/uploads\/2025\/11\/Kluth.png 627w\" sizes=\"auto, (max-width: 161px) 100vw, 161px\" \/><\/strong><\/p>\n<p><strong>Stellvertreter\/-innen:<\/strong><br \/>\nStefan Gengenbacher<br \/>\nTheo Homann<br \/>\nBernhard Meyer<\/p>\n<p><strong>Sachkundige B\u00fcrger:<br \/>\n<\/strong>Michael Reckmann<\/p>\n<p><strong>Stellvertreter\/-innen Sachkundige B\u00fcrger:<\/strong><br \/>\nUwe Eggert<br \/>\nMona Kolbow<br \/>\nJennifer Hoffmann<\/p>\n<p>&nbsp;<\/p>\n<blockquote>\n<h4><u style=\"background-color: #e6e6e6; color: #0a321e; font-family: 'Arvo Regular', 'Arvo Green', Trebuchet, 'Helvetica Neue', Helvetica, Arial, Verdana, sans-serif; text-indent: -0.3em;\"><strong>Ausschuss f\u00fcr Stadtentwicklung, Bau und Umwelt\u00a0 SBUA<br \/>\n<\/strong><\/u><u><strong><a href=\"https:\/\/sessionnet.owl-it.de\/drensteinfurt\/bi\/si0046.asp?smccont=85&amp;__cselect=65536&amp;__cfid=65536&amp;__canz=12&amp;__cmonat=1&amp;__osidat=d&amp;__kgsgrnr=10\">Termine<\/a><\/strong><\/u><\/h4>\n<\/blockquote>\n<p><strong>Ratsmitglied:<\/strong><\/p>\n<p><a class=\"fancybox\" rel=\"gallery194\" href=\"https:\/\/www.gruene-drensteinfurt.de\/content\/index.php\/ratsmitglieder\/\"><img loading=\"lazy\" decoding=\"async\" class=\"alignnone wp-image-4406\" src=\"https:\/\/www.gruene-drensteinfurt.de\/content\/wp-content\/uploads\/2025\/10\/Stefan-Gengenbacher-400x520.png\" alt=\"\" width=\"161\" height=\"209\" srcset=\"https:\/\/www.gruene-drensteinfurt.de\/content\/wp-content\/uploads\/2025\/10\/Stefan-Gengenbacher-400x520.png 400w, https:\/\/www.gruene-drensteinfurt.de\/content\/wp-content\/uploads\/2025\/10\/Stefan-Gengenbacher-115x150.png 115w, https:\/\/www.gruene-drensteinfurt.de\/content\/wp-content\/uploads\/2025\/10\/Stefan-Gengenbacher.png 630w\" sizes=\"auto, (max-width: 161px) 100vw, 161px\" \/> <img loading=\"lazy\" decoding=\"async\" class=\"alignnone wp-image-4402\" src=\"https:\/\/www.gruene-drensteinfurt.de\/content\/wp-content\/uploads\/2025\/10\/Theo-Homann-400x525.png\" alt=\"\" width=\"161\" height=\"212\" srcset=\"https:\/\/www.gruene-drensteinfurt.de\/content\/wp-content\/uploads\/2025\/10\/Theo-Homann-400x525.png 400w, https:\/\/www.gruene-drensteinfurt.de\/content\/wp-content\/uploads\/2025\/10\/Theo-Homann-114x150.png 114w, https:\/\/www.gruene-drensteinfurt.de\/content\/wp-content\/uploads\/2025\/10\/Theo-Homann.png 626w\" sizes=\"auto, (max-width: 161px) 100vw, 161px\" \/><\/a><strong><br \/>\n<\/strong><\/p>\n<p><strong>Stellvertreter \/ -innen:<br \/>\n<\/strong>Bernhard Meyer<br \/>\nThomas Kluth<br \/>\nHeidi Pechmann<\/p>\n<p><strong>Sachkundiger B\u00fcrger:<br \/>\n<\/strong>Hans Christian Meier<br \/>\n<strong><br \/>\nStellvertreter\/-innen Sachkundige B\u00fcrger:<br \/>\n<\/strong>Bernhard Lips<br \/>\nCalvin Schwonke<br \/>\nJennifer Hoffmann<br \/>\n<u><\/u><\/p>\n<blockquote>\n<h4><u><strong>Wahlausschuss\u00a0 WA<br \/>\n<a href=\"https:\/\/sessionnet.owl-it.de\/drensteinfurt\/bi\/si0046.asp?smccont=85&amp;__cselect=65536&amp;__cfid=65536&amp;__canz=12&amp;__cmonat=1&amp;__osidat=d&amp;__kgsgrnr=7\">Termine<\/a><\/strong><\/u><\/h4>\n<\/blockquote>\n<p><strong>Ratsmitglieder:<br \/>\n<img loading=\"lazy\" decoding=\"async\" class=\"alignnone wp-image-4431\" src=\"https:\/\/www.gruene-drensteinfurt.de\/content\/wp-content\/uploads\/2025\/11\/Kluth-400x519.png\" alt=\"\" width=\"161\" height=\"209\" srcset=\"https:\/\/www.gruene-drensteinfurt.de\/content\/wp-content\/uploads\/2025\/11\/Kluth-400x519.png 400w, https:\/\/www.gruene-drensteinfurt.de\/content\/wp-content\/uploads\/2025\/11\/Kluth-116x150.png 116w, https:\/\/www.gruene-drensteinfurt.de\/content\/wp-content\/uploads\/2025\/11\/Kluth.png 627w\" sizes=\"auto, (max-width: 161px) 100vw, 161px\" \/> <img loading=\"lazy\" decoding=\"async\" class=\"alignnone wp-image-4404\" src=\"https:\/\/www.gruene-drensteinfurt.de\/content\/wp-content\/uploads\/2025\/10\/Bernhard-Meyer-400x522.png\" alt=\"\" width=\"161\" height=\"210\" srcset=\"https:\/\/www.gruene-drensteinfurt.de\/content\/wp-content\/uploads\/2025\/10\/Bernhard-Meyer-400x522.png 400w, https:\/\/www.gruene-drensteinfurt.de\/content\/wp-content\/uploads\/2025\/10\/Bernhard-Meyer-115x150.png 115w, https:\/\/www.gruene-drensteinfurt.de\/content\/wp-content\/uploads\/2025\/10\/Bernhard-Meyer.png 657w\" sizes=\"auto, (max-width: 161px) 100vw, 161px\" \/><br \/>\n<\/strong><\/p>\n<p><strong>direkte\/-r Stellvertreter\/-innen:<br \/>\n<\/strong><\/p>\n<blockquote>\n<h4><u><strong>Wahlpr\u00fcfungsausschuss\u00a0 WPA<br \/>\n<a href=\"https:\/\/sessionnet.owl-it.de\/drensteinfurt\/bi\/si0046.asp?smccont=85&amp;__cselect=65536&amp;__cfid=65536&amp;__canz=12&amp;__cmonat=1&amp;__osidat=d&amp;__kgsgrnr=11\">Termine<\/a><\/strong><\/u><\/h4>\n<\/blockquote>\n<p><strong>Ratsmitglieder:<br \/>\n<img loading=\"lazy\" decoding=\"async\" class=\"alignnone wp-image-4431\" src=\"https:\/\/www.gruene-drensteinfurt.de\/content\/wp-content\/uploads\/2025\/11\/Kluth-400x519.png\" alt=\"\" width=\"161\" height=\"209\" srcset=\"https:\/\/www.gruene-drensteinfurt.de\/content\/wp-content\/uploads\/2025\/11\/Kluth-400x519.png 400w, https:\/\/www.gruene-drensteinfurt.de\/content\/wp-content\/uploads\/2025\/11\/Kluth-116x150.png 116w, https:\/\/www.gruene-drensteinfurt.de\/content\/wp-content\/uploads\/2025\/11\/Kluth.png 627w\" sizes=\"auto, (max-width: 161px) 100vw, 161px\" \/> <img loading=\"lazy\" decoding=\"async\" class=\"alignnone wp-image-4404\" src=\"https:\/\/www.gruene-drensteinfurt.de\/content\/wp-content\/uploads\/2025\/10\/Bernhard-Meyer-400x522.png\" alt=\"\" width=\"161\" height=\"210\" srcset=\"https:\/\/www.gruene-drensteinfurt.de\/content\/wp-content\/uploads\/2025\/10\/Bernhard-Meyer-400x522.png 400w, https:\/\/www.gruene-drensteinfurt.de\/content\/wp-content\/uploads\/2025\/10\/Bernhard-Meyer-115x150.png 115w, https:\/\/www.gruene-drensteinfurt.de\/content\/wp-content\/uploads\/2025\/10\/Bernhard-Meyer.png 657w\" sizes=\"auto, (max-width: 161px) 100vw, 161px\" \/><br \/>\n<\/strong><\/p>\n<p><strong>direkte\/-r Stellvertreter\/-innen:<br \/>\n<\/strong>Heidi Pechmann<br \/>\nTheo Homann<br \/>\nStefan Gengenbacher<\/p>\n<blockquote>\n<h4><u><strong>Betriebsausschuss Abwasserwerk BA<br \/>\n<a href=\"https:\/\/sessionnet.owl-it.de\/drensteinfurt\/bi\/si0046.asp?smccont=85&amp;__cselect=65536&amp;__cfid=65536&amp;__canz=12&amp;__cmonat=1&amp;__osidat=d&amp;__kgsgrnr=13\">Termine<\/a><\/strong><\/u><\/h4>\n<\/blockquote>\n<p><strong>Ratsmitglied:<br \/>\n<img loading=\"lazy\" decoding=\"async\" class=\"alignnone wp-image-4406\" src=\"https:\/\/www.gruene-drensteinfurt.de\/content\/wp-content\/uploads\/2025\/10\/Stefan-Gengenbacher-400x520.png\" alt=\"\" width=\"161\" height=\"209\" srcset=\"https:\/\/www.gruene-drensteinfurt.de\/content\/wp-content\/uploads\/2025\/10\/Stefan-Gengenbacher-400x520.png 400w, https:\/\/www.gruene-drensteinfurt.de\/content\/wp-content\/uploads\/2025\/10\/Stefan-Gengenbacher-115x150.png 115w, https:\/\/www.gruene-drensteinfurt.de\/content\/wp-content\/uploads\/2025\/10\/Stefan-Gengenbacher.png 630w\" sizes=\"auto, (max-width: 161px) 100vw, 161px\" \/><br \/>\n<\/strong><\/p>\n<p><strong>Stellvertreter\/-innen:<br \/>\n<\/strong>Bernhard Meyer<br \/>\nTheo Homann<br \/>\nHeidi Pechmann<br \/>\nThomas Kluth<\/p>\n<p><strong>Sachkundiger B\u00fcrger:<br \/>\n<\/strong>Hans-Christian Meier<strong><br \/>\n<\/strong><\/p>\n<p><strong>Stellvertreter\/-innen Sachkundige B\u00fcrger:<br \/>\n<\/strong>Bernhard Lips<br \/>\nCalvin Schwonke<strong><br \/>\n<\/strong><\/p>\n","protected":false},"excerpt":{"rendered":"<p>Die Besetzung der Aussch\u00fcsse wurde am 3. November 2025 in der Ratssitzung beschlossen Alle Termine im \u00dcberblick HIER im B\u00fcrgerinfoportal &nbsp; Fraktionsvorsitz \u00a0 Vorsitzende\u00a0 \u00a0 \u00a0 \u00a0 \u00a0 \u00a0 \u00a0&#8230; <\/p>\n","protected":false},"author":752,"featured_media":4448,"parent":0,"menu_order":0,"comment_status":"closed","ping_status":"closed","template":"","meta":{"_uf_show_specific_survey":0,"_uf_disable_surveys":false,"footnotes":""},"class_list":["post-194","page","type-page","status-publish","has-post-thumbnail","hentry"],"_links":{"self":[{"href":"https:\/\/www.gruene-drensteinfurt.de\/content\/index.php\/wp-json\/wp\/v2\/pages\/194","targetHints":{"allow":["GET"]}}],"collection":[{"href":"https:\/\/www.gruene-drensteinfurt.de\/content\/index.php\/wp-json\/wp\/v2\/pages"}],"about":[{"href":"https:\/\/www.gruene-drensteinfurt.de\/content\/index.php\/wp-json\/wp\/v2\/types\/page"}],"author":[{"embeddable":true,"href":"https:\/\/www.gruene-drensteinfurt.de\/content\/index.php\/wp-json\/wp\/v2\/users\/752"}],"replies":[{"embeddable":true,"href":"https:\/\/www.gruene-drensteinfurt.de\/content\/index.php\/wp-json\/wp\/v2\/comments?post=194"}],"version-history":[{"count":43,"href":"https:\/\/www.gruene-drensteinfurt.de\/content\/index.php\/wp-json\/wp\/v2\/pages\/194\/revisions"}],"predecessor-version":[{"id":4058,"href":"https:\/\/www.gruene-drensteinfurt.de\/content\/index.php\/wp-json\/wp\/v2\/pages\/194\/revisions\/4058"}],"wp:featuredmedia":[{"embeddable":true,"href":"https:\/\/www.gruene-drensteinfurt.de\/content\/index.php\/wp-json\/wp\/v2\/media\/4448"}],"wp:attachment":[{"href":"https:\/\/www.gruene-drensteinfurt.de\/content\/index.php\/wp-json\/wp\/v2\/media?parent=194"}],"curies":[{"name":"wp","href":"https:\/\/api.w.org\/{rel}","templated":true}]}}